{"id":1538,"date":"2022-12-15T07:59:42","date_gmt":"2022-12-15T06:59:42","guid":{"rendered":"https:\/\/cyclebee.dev3.codemiq.at\/?page_id=1538"},"modified":"2022-12-21T11:52:26","modified_gmt":"2022-12-21T10:52:26","slug":"about","status":"publish","type":"page","link":"https:\/\/cyclebee.dev3.codemiq.at\/en\/about\/","title":{"rendered":"About Us"},"content":{"rendered":"<div data-elementor-type=\"wp-page\" data-elementor-id=\"1538\" class=\"elementor elementor-1538\" data-elementor-post-type=\"page\">\n\t\t\t\t\t\t<section class=\"elementor-section elementor-top-section elementor-element elementor-element-59d0a89 elementor-section-boxed elementor-section-height-default elementor-section-height-default\" data-id=\"59d0a89\" data-element_type=\"section\" data-settings=\"{&quot;jet_parallax_layout_list&quot;:[{&quot;jet_parallax_layout_image&quot;:{&quot;url&quot;:&quot;&quot;,&quot;id&quot;:&quot;&quot;,&quot;size&quot;:&quot;&quot;},&quot;_id&quot;:&quot;9a7b4a8&quot;,&quot;jet_parallax_layout_image_tablet&quot;:{&quot;url&quot;:&quot;&quot;,&quot;id&quot;:&quot;&quot;,&quot;size&quot;:&quot;&quot;},&quot;jet_parallax_layout_image_mobile&quot;:{&quot;url&quot;:&quot;&quot;,&quot;id&quot;:&quot;&quot;,&quot;size&quot;:&quot;&quot;},&quot;jet_parallax_layout_speed&quot;:{&quot;unit&quot;:&quot;%&quot;,&quot;size&quot;:50,&quot;sizes&quot;:[]},&quot;jet_parallax_layout_type&quot;:&quot;scroll&quot;,&quot;jet_parallax_layout_direction&quot;:&quot;1&quot;,&quot;jet_parallax_layout_fx_direction&quot;:null,&quot;jet_parallax_layout_z_index&quot;:&quot;&quot;,&quot;jet_parallax_layout_bg_x&quot;:50,&quot;jet_parallax_layout_bg_x_tablet&quot;:&quot;&quot;,&quot;jet_parallax_layout_bg_x_mobile&quot;:&quot;&quot;,&quot;jet_parallax_layout_bg_y&quot;:50,&quot;jet_parallax_layout_bg_y_tablet&quot;:&quot;&quot;,&quot;jet_parallax_layout_bg_y_mobile&quot;:&quot;&quot;,&quot;jet_parallax_layout_bg_size&quot;:&quot;auto&quot;,&quot;jet_parallax_layout_bg_size_tablet&quot;:&quot;&quot;,&quot;jet_parallax_layout_bg_size_mobile&quot;:&quot;&quot;,&quot;jet_parallax_layout_animation_prop&quot;:&quot;transform&quot;,&quot;jet_parallax_layout_on&quot;:[&quot;desktop&quot;,&quot;tablet&quot;]}],&quot;background_background&quot;:&quot;classic&quot;}\">\n\t\t\t\t\t\t<div class=\"elementor-container elementor-column-gap-default\">\n\t\t\t\t\t<div class=\"elementor-column elementor-col-50 elementor-top-column elementor-element elementor-element-02e0b5a\" data-id=\"02e0b5a\" data-element_type=\"column\">\n\t\t\t<div class=\"elementor-widget-wrap elementor-element-populated\">\n\t\t\t\t\t\t<div class=\"elementor-element elementor-element-ede332f elementor-widget elementor-widget-menu-anchor\" data-id=\"ede332f\" data-element_type=\"widget\" data-widget_type=\"menu-anchor.default\">\n\t\t\t\t<div class=\"elementor-widget-container\">\n\t\t\t\t\t\t\t<div class=\"elementor-menu-anchor\" id=\"team\"><\/div>\n\t\t\t\t\t\t<\/div>\n\t\t\t\t<\/div>\n\t\t\t\t<div class=\"elementor-element elementor-element-1e8ef23 elementor-widget elementor-widget-heading\" data-id=\"1e8ef23\" data-element_type=\"widget\" data-widget_type=\"heading.default\">\n\t\t\t\t<div class=\"elementor-widget-container\">\n\t\t\t\t\t<h2 class=\"elementor-heading-title elementor-size-default\">TEAM<\/h2>\t\t\t\t<\/div>\n\t\t\t\t<\/div>\n\t\t\t\t<div class=\"elementor-element elementor-element-a8d1992 elementor-widget elementor-widget-heading\" data-id=\"a8d1992\" data-element_type=\"widget\" data-widget_type=\"heading.default\">\n\t\t\t\t<div class=\"elementor-widget-container\">\n\t\t\t\t\t<h2 class=\"elementor-heading-title elementor-size-default\">Who we are<\/h2>\t\t\t\t<\/div>\n\t\t\t\t<\/div>\n\t\t\t\t<div class=\"elementor-element elementor-element-6135a25 elementor-widget elementor-widget-image\" data-id=\"6135a25\" data-element_type=\"widget\" data-widget_type=\"image.default\">\n\t\t\t\t<div class=\"elementor-widget-container\">\n\t\t\t\t\t\t\t\t\t\t\t\t\t\t\t<img fetchpriority=\"high\" decoding=\"async\" width=\"800\" height=\"447\" src=\"https:\/\/cyclebee.dev3.codemiq.at\/wp-content\/uploads\/2022\/03\/dsc4269gestempeltsw1920-1024x572.jpg\" class=\"attachment-large size-large wp-image-1158\" alt=\"\" srcset=\"https:\/\/cyclebee.dev3.codemiq.at\/wp-content\/uploads\/2022\/03\/dsc4269gestempeltsw1920-1024x572.jpg 1024w, https:\/\/cyclebee.dev3.codemiq.at\/wp-content\/uploads\/2022\/03\/dsc4269gestempeltsw1920-300x168.jpg 300w, https:\/\/cyclebee.dev3.codemiq.at\/wp-content\/uploads\/2022\/03\/dsc4269gestempeltsw1920-768x429.jpg 768w, https:\/\/cyclebee.dev3.codemiq.at\/wp-content\/uploads\/2022\/03\/dsc4269gestempeltsw1920-1536x858.jpg 1536w, https:\/\/cyclebee.dev3.codemiq.at\/wp-content\/uploads\/2022\/03\/dsc4269gestempeltsw1920-1320x737.jpg 1320w, https:\/\/cyclebee.dev3.codemiq.at\/wp-content\/uploads\/2022\/03\/dsc4269gestempeltsw1920.jpg 1920w\" sizes=\"(max-width: 800px) 100vw, 800px\" \/>\t\t\t\t\t\t\t\t\t\t\t\t\t\t\t<\/div>\n\t\t\t\t<\/div>\n\t\t\t\t\t<\/div>\n\t\t<\/div>\n\t\t\t\t<div class=\"elementor-column elementor-col-50 elementor-top-column elementor-element elementor-element-95f94ab\" data-id=\"95f94ab\" data-element_type=\"column\">\n\t\t\t<div class=\"elementor-widget-wrap elementor-element-populated\">\n\t\t\t\t\t\t<div class=\"elementor-element elementor-element-4cf36b1 elementor-widget elementor-widget-text-editor\" data-id=\"4cf36b1\" data-element_type=\"widget\" data-widget_type=\"text-editor.default\">\n\t\t\t\t<div class=\"elementor-widget-container\">\n\t\t\t\t\t\t\t\t\t<p>We are Katharina, Matthias, Daniel, Katrin and <br \/>Hannes \u2013 five passionate cycling tourists<\/p>\t\t\t\t\t\t\t\t<\/div>\n\t\t\t\t<\/div>\n\t\t\t\t<div class=\"elementor-element elementor-element-fac9696 elementor-icon-list--layout-traditional elementor-list-item-link-full_width elementor-widget elementor-widget-icon-list\" data-id=\"fac9696\" data-element_type=\"widget\" data-widget_type=\"icon-list.default\">\n\t\t\t\t<div class=\"elementor-widget-container\">\n\t\t\t\t\t\t\t<ul class=\"elementor-icon-list-items\">\n\t\t\t\t\t\t\t<li class=\"elementor-icon-list-item\">\n\t\t\t\t\t\t\t\t\t\t\t<span class=\"elementor-icon-list-icon\">\n\t\t\t\t\t\t\t<i aria-hidden=\"true\" class=\"far fa-arrow-alt-circle-right\"><\/i>\t\t\t\t\t\t<\/span>\n\t\t\t\t\t\t\t\t\t\t<span class=\"elementor-icon-list-text\">with an idea that no longer lets us rest<\/span>\n\t\t\t\t\t\t\t\t\t<\/li>\n\t\t\t\t\t\t\t\t<li class=\"elementor-icon-list-item\">\n\t\t\t\t\t\t\t\t\t\t\t<span class=\"elementor-icon-list-icon\">\n\t\t\t\t\t\t\t<i aria-hidden=\"true\" class=\"far fa-arrow-alt-circle-right\"><\/i>\t\t\t\t\t\t<\/span>\n\t\t\t\t\t\t\t\t\t\t<span class=\"elementor-icon-list-text\">with the desire to inspire more people to travel by bike<\/span>\n\t\t\t\t\t\t\t\t\t<\/li>\n\t\t\t\t\t\t\t\t<li class=\"elementor-icon-list-item\">\n\t\t\t\t\t\t\t\t\t\t\t<span class=\"elementor-icon-list-icon\">\n\t\t\t\t\t\t\t<i aria-hidden=\"true\" class=\"far fa-arrow-alt-circle-right\"><\/i>\t\t\t\t\t\t<\/span>\n\t\t\t\t\t\t\t\t\t\t<span class=\"elementor-icon-list-text\">with the conviction that simplicity is the key to success and enthusiasm<\/span>\n\t\t\t\t\t\t\t\t\t<\/li>\n\t\t\t\t\t\t\t\t<li class=\"elementor-icon-list-item\">\n\t\t\t\t\t\t\t\t\t\t\t<span class=\"elementor-icon-list-icon\">\n\t\t\t\t\t\t\t<i aria-hidden=\"true\" class=\"far fa-arrow-alt-circle-right\"><\/i>\t\t\t\t\t\t<\/span>\n\t\t\t\t\t\t\t\t\t\t<span class=\"elementor-icon-list-text\">with the necessary knowledge and experience to manage such a project<\/span>\n\t\t\t\t\t\t\t\t\t<\/li>\n\t\t\t\t\t\t\t\t<li class=\"elementor-icon-list-item\">\n\t\t\t\t\t\t\t\t\t\t\t<span class=\"elementor-icon-list-icon\">\n\t\t\t\t\t\t\t<i aria-hidden=\"true\" class=\"far fa-arrow-alt-circle-right\"><\/i>\t\t\t\t\t\t<\/span>\n\t\t\t\t\t\t\t\t\t\t<span class=\"elementor-icon-list-text\">and the necessary humility to continue learning from your feedback and ideas.<\/span>\n\t\t\t\t\t\t\t\t\t<\/li>\n\t\t\t\t\t\t<\/ul>\n\t\t\t\t\t\t<\/div>\n\t\t\t\t<\/div>\n\t\t\t\t<div class=\"elementor-element elementor-element-3502035 elementor-widget elementor-widget-heading\" data-id=\"3502035\" data-element_type=\"widget\" data-widget_type=\"heading.default\">\n\t\t\t\t<div class=\"elementor-widget-container\">\n\t\t\t\t\t<h2 class=\"elementor-heading-title elementor-size-default\">We are cyclebee.<\/h2>\t\t\t\t<\/div>\n\t\t\t\t<\/div>\n\t\t\t\t\t<\/div>\n\t\t<\/div>\n\t\t\t\t\t<\/div>\n\t\t<\/section>\n\t\t\t\t<section class=\"elementor-section elementor-top-section elementor-element elementor-element-2b3433b elementor-section-boxed elementor-section-height-default elementor-section-height-default elementor-invisible\" data-id=\"2b3433b\" data-element_type=\"section\" data-settings=\"{&quot;jet_parallax_layout_list&quot;:[{&quot;jet_parallax_layout_image&quot;:{&quot;url&quot;:&quot;&quot;,&quot;id&quot;:&quot;&quot;,&quot;size&quot;:&quot;&quot;},&quot;_id&quot;:&quot;9964626&quot;,&quot;jet_parallax_layout_image_tablet&quot;:{&quot;url&quot;:&quot;&quot;,&quot;id&quot;:&quot;&quot;,&quot;size&quot;:&quot;&quot;},&quot;jet_parallax_layout_image_mobile&quot;:{&quot;url&quot;:&quot;&quot;,&quot;id&quot;:&quot;&quot;,&quot;size&quot;:&quot;&quot;},&quot;jet_parallax_layout_speed&quot;:{&quot;unit&quot;:&quot;%&quot;,&quot;size&quot;:50,&quot;sizes&quot;:[]},&quot;jet_parallax_layout_type&quot;:&quot;scroll&quot;,&quot;jet_parallax_layout_direction&quot;:&quot;1&quot;,&quot;jet_parallax_layout_fx_direction&quot;:null,&quot;jet_parallax_layout_z_index&quot;:&quot;&quot;,&quot;jet_parallax_layout_bg_x&quot;:50,&quot;jet_parallax_layout_bg_x_tablet&quot;:&quot;&quot;,&quot;jet_parallax_layout_bg_x_mobile&quot;:&quot;&quot;,&quot;jet_parallax_layout_bg_y&quot;:50,&quot;jet_parallax_layout_bg_y_tablet&quot;:&quot;&quot;,&quot;jet_parallax_layout_bg_y_mobile&quot;:&quot;&quot;,&quot;jet_parallax_layout_bg_size&quot;:&quot;auto&quot;,&quot;jet_parallax_layout_bg_size_tablet&quot;:&quot;&quot;,&quot;jet_parallax_layout_bg_size_mobile&quot;:&quot;&quot;,&quot;jet_parallax_layout_animation_prop&quot;:&quot;transform&quot;,&quot;jet_parallax_layout_on&quot;:[&quot;desktop&quot;,&quot;tablet&quot;]}],&quot;animation&quot;:&quot;fadeInUp&quot;}\">\n\t\t\t\t\t\t<div class=\"elementor-container elementor-column-gap-default\">\n\t\t\t\t\t<div class=\"elementor-column elementor-col-100 elementor-top-column elementor-element elementor-element-93bfd2f\" data-id=\"93bfd2f\" data-element_type=\"column\">\n\t\t\t<div class=\"elementor-widget-wrap elementor-element-populated\">\n\t\t\t\t\t\t<div class=\"elementor-element elementor-element-42eabce elementor-widget elementor-widget-heading\" data-id=\"42eabce\" data-element_type=\"widget\" data-widget_type=\"heading.default\">\n\t\t\t\t<div class=\"elementor-widget-container\">\n\t\t\t\t\t<h2 class=\"elementor-heading-title elementor-size-default\">mission<\/h2>\t\t\t\t<\/div>\n\t\t\t\t<\/div>\n\t\t\t\t<div class=\"elementor-element elementor-element-b158d64 elementor-widget elementor-widget-heading\" data-id=\"b158d64\" data-element_type=\"widget\" data-widget_type=\"heading.default\">\n\t\t\t\t<div class=\"elementor-widget-container\">\n\t\t\t\t\t<h2 class=\"elementor-heading-title elementor-size-default\">Why we do \nwhat we do<\/h2>\t\t\t\t<\/div>\n\t\t\t\t<\/div>\n\t\t\t\t<div class=\"elementor-element elementor-element-dd953fc elementor-widget elementor-widget-text-editor\" data-id=\"dd953fc\" data-element_type=\"widget\" data-widget_type=\"text-editor.default\">\n\t\t\t\t<div class=\"elementor-widget-container\">\n\t\t\t\t\t\t\t\t\t<p>You have already made a bike trip?<br \/>Then find out for yourself:<\/p><p>How many browser tabs do you need to plan your cycling trip?<\/p><ul><li><strong>1 Tab<\/strong>: Bike navigation tool<\/li><li><strong>+1 Tab<\/strong>: Do you have Google Maps open at the same time to view some satellite images or Streetview?<strong><br \/><\/strong><\/li><li><strong>+5 Tabs<\/strong>: Do you already choose accommodations during the planning? Yes?<\/li><li><strong>+2 Tabs<\/strong>: You probably plan some interesting stopovers at the same time, don\u2019t you? \u2026 so let\u2019s look for pictures\u00a0<\/li><li><strong>+3 Tab<\/strong>: \u2026 and then travel reports from others?\u00a0<\/li><li><strong>+5 Tabs:<\/strong> : You probably also want to know what the weather will be like on the road, right? Not so easy when you are in a different place in the morning, at noon and in the evening.\u00a0 <\/li><li><strong>+3 Tabs<\/strong>: Then you probably still compare the three bike rentals on-site?<\/li><li><strong>+1 Tab<\/strong>: And you check the regional tourism office website too, right? <strong><br \/><\/strong><\/li><li><strong>+1 Tab<\/strong>: Do you already know what you\u2019re going to pack, or do you still have a cycling blog open with the ultimate packing list?<strong><br \/><\/strong><\/li><li><strong>+2 Tabs<\/strong>: At least you will probably already have all your equipment ready, or do you really still have online stores opened!?<\/li><\/ul>\t\t\t\t\t\t\t\t<\/div>\n\t\t\t\t<\/div>\n\t\t\t\t<div class=\"elementor-element elementor-element-8ad82d2 elementor-widget elementor-widget-text-editor\" data-id=\"8ad82d2\" data-element_type=\"widget\" data-widget_type=\"text-editor.default\">\n\t\t\t\t<div class=\"elementor-widget-container\">\n\t\t\t\t\t\t\t\t\t<p>Count them \u2026 That\u2019s over 20 tabs! And you can still keep track of them?<\/p><p>And how much time does it cost you to find out where you can get which info and how you can best organize what?<\/p><p>Or is that why you only go where you already know your way around?<\/p><p>Or is that why you haven\u2019t done any cycling trips yet, even though you\u2019ve been planning to do so for a long time?<\/p>\t\t\t\t\t\t\t\t<\/div>\n\t\t\t\t<\/div>\n\t\t\t\t<div class=\"elementor-element elementor-element-89f7642 elementor-widget elementor-widget-heading\" data-id=\"89f7642\" data-element_type=\"widget\" data-widget_type=\"heading.default\">\n\t\t\t\t<div class=\"elementor-widget-container\">\n\t\t\t\t\t<h2 class=\"elementor-heading-title elementor-size-default\">easier\n&amp; faster<\/h2>\t\t\t\t<\/div>\n\t\t\t\t<\/div>\n\t\t\t\t<div class=\"elementor-element elementor-element-8e0b972 elementor-widget elementor-widget-text-editor\" data-id=\"8e0b972\" data-element_type=\"widget\" data-widget_type=\"text-editor.default\">\n\t\t\t\t<div class=\"elementor-widget-container\">\n\t\t\t\t\t\t\t\t\t<p>We are convinced: <br \/>It can be easier and faster! <br \/>That\u2019s why we make cyclebee! <br \/>So that anyone, wherever they want, can travel by bike at any time \u2013 whether alone, with a partner, with the family or in a group! <br \/>For the sake of cyclists, the local economy and the environment.<\/p>\t\t\t\t\t\t\t\t<\/div>\n\t\t\t\t<\/div>\n\t\t\t\t\t<\/div>\n\t\t<\/div>\n\t\t\t\t\t<\/div>\n\t\t<\/section>\n\t\t\t\t<\/div>","protected":false},"excerpt":{"rendered":"<p>TEAM Who we are Wir sind Katharina, Matthias, Daniel, Katrin und Hannes &#8211; f\u00fcnf leidenschaftliche Radreisende mit einer Idee, die uns keine Ruhe mehr l\u00e4sst mit dem Wunsch mehr Leute f\u00fcr Radreisen begeistern zu k\u00f6nnen mit der \u00dcberzeugung, dass Einfachheit der Schl\u00fcssel zu Erfolg und Begeisterung ist mit dem n\u00f6tigen Wissen und der Erfahrung ein [&hellip;]<\/p>","protected":false},"author":1,"featured_media":0,"parent":0,"menu_order":4,"comment_status":"closed","ping_status":"closed","template":"","meta":{"footnotes":""},"class_list":["post-1538","page","type-page","status-publish","hentry"],"yoast_head":"<!-- This site is optimized with the Yoast SEO plugin v26.8 - https:\/\/yoast.com\/product\/yoast-seo-wordpress\/ -->\n<title>\u00dcber uns - cyclebee<\/title>\n<meta name=\"robots\" content=\"index, follow, max-snippet:-1, max-image-preview:large, max-video-preview:-1\" \/>\n<link rel=\"canonical\" href=\"https:\/\/cyclebee.dev3.codemiq.at\/en\/about\/\" \/>\n<meta property=\"og:locale\" content=\"en_GB\" \/>\n<meta property=\"og:type\" content=\"article\" \/>\n<meta property=\"og:title\" content=\"\u00dcber uns - cyclebee\" \/>\n<meta property=\"og:description\" content=\"TEAM Who we are Wir sind Katharina, Matthias, Daniel, Katrin und Hannes &#8211; f\u00fcnf leidenschaftliche Radreisende mit einer Idee, die uns keine Ruhe mehr l\u00e4sst mit dem Wunsch mehr Leute f\u00fcr Radreisen begeistern zu k\u00f6nnen mit der \u00dcberzeugung, dass Einfachheit der Schl\u00fcssel zu Erfolg und Begeisterung ist mit dem n\u00f6tigen Wissen und der Erfahrung ein [&hellip;]\" \/>\n<meta property=\"og:url\" content=\"https:\/\/cyclebee.dev3.codemiq.at\/en\/about\/\" \/>\n<meta property=\"og:site_name\" content=\"cyclebee\" \/>\n<meta property=\"article:modified_time\" content=\"2022-12-21T10:52:26+00:00\" \/>\n<meta property=\"og:image\" content=\"https:\/\/cyclebee.dev3.codemiq.at\/wp-content\/uploads\/2022\/03\/dsc4269gestempeltsw1920-1024x572.jpg\" \/>\n<meta name=\"twitter:card\" content=\"summary_large_image\" \/>\n<meta name=\"twitter:label1\" content=\"Estimated reading time\" \/>\n\t<meta name=\"twitter:data1\" content=\"3 minutes\" \/>\n<script type=\"application\/ld+json\" class=\"yoast-schema-graph\">{\"@context\":\"https:\/\/schema.org\",\"@graph\":[{\"@type\":\"WebPage\",\"@id\":\"https:\/\/cyclebee.dev3.codemiq.at\/about\/\",\"url\":\"https:\/\/cyclebee.dev3.codemiq.at\/about\/\",\"name\":\"\u00dcber uns - cyclebee\",\"isPartOf\":{\"@id\":\"https:\/\/cyclebee.dev3.codemiq.at\/#website\"},\"primaryImageOfPage\":{\"@id\":\"https:\/\/cyclebee.dev3.codemiq.at\/about\/#primaryimage\"},\"image\":{\"@id\":\"https:\/\/cyclebee.dev3.codemiq.at\/about\/#primaryimage\"},\"thumbnailUrl\":\"https:\/\/cyclebee.dev3.codemiq.at\/wp-content\/uploads\/2022\/03\/dsc4269gestempeltsw1920-1024x572.jpg\",\"datePublished\":\"2022-12-15T06:59:42+00:00\",\"dateModified\":\"2022-12-21T10:52:26+00:00\",\"breadcrumb\":{\"@id\":\"https:\/\/cyclebee.dev3.codemiq.at\/about\/#breadcrumb\"},\"inLanguage\":\"en-GB\",\"potentialAction\":[{\"@type\":\"ReadAction\",\"target\":[\"https:\/\/cyclebee.dev3.codemiq.at\/about\/\"]}]},{\"@type\":\"ImageObject\",\"inLanguage\":\"en-GB\",\"@id\":\"https:\/\/cyclebee.dev3.codemiq.at\/about\/#primaryimage\",\"url\":\"https:\/\/cyclebee.dev3.codemiq.at\/wp-content\/uploads\/2022\/03\/dsc4269gestempeltsw1920-1024x572.jpg\",\"contentUrl\":\"https:\/\/cyclebee.dev3.codemiq.at\/wp-content\/uploads\/2022\/03\/dsc4269gestempeltsw1920-1024x572.jpg\"},{\"@type\":\"BreadcrumbList\",\"@id\":\"https:\/\/cyclebee.dev3.codemiq.at\/about\/#breadcrumb\",\"itemListElement\":[{\"@type\":\"ListItem\",\"position\":1,\"name\":\"Home\",\"item\":\"https:\/\/cyclebee.dev3.codemiq.at\/\"},{\"@type\":\"ListItem\",\"position\":2,\"name\":\"\u00dcber uns\"}]},{\"@type\":\"WebSite\",\"@id\":\"https:\/\/cyclebee.dev3.codemiq.at\/#website\",\"url\":\"https:\/\/cyclebee.dev3.codemiq.at\/\",\"name\":\"cyclebee - Radreise-App\",\"description\":\"gemeinsam einfach radreisen\",\"publisher\":{\"@id\":\"https:\/\/cyclebee.dev3.codemiq.at\/#organization\"},\"potentialAction\":[{\"@type\":\"SearchAction\",\"target\":{\"@type\":\"EntryPoint\",\"urlTemplate\":\"https:\/\/cyclebee.dev3.codemiq.at\/?s={search_term_string}\"},\"query-input\":{\"@type\":\"PropertyValueSpecification\",\"valueRequired\":true,\"valueName\":\"search_term_string\"}}],\"inLanguage\":\"en-GB\"},{\"@type\":\"Organization\",\"@id\":\"https:\/\/cyclebee.dev3.codemiq.at\/#organization\",\"name\":\"cyclebee\",\"url\":\"https:\/\/cyclebee.dev3.codemiq.at\/\",\"logo\":{\"@type\":\"ImageObject\",\"inLanguage\":\"en-GB\",\"@id\":\"https:\/\/cyclebee.dev3.codemiq.at\/#\/schema\/logo\/image\/\",\"url\":\"https:\/\/cyclebee.dev3.codemiq.at\/wp-content\/uploads\/2021\/04\/logoblack.png\",\"contentUrl\":\"https:\/\/cyclebee.dev3.codemiq.at\/wp-content\/uploads\/2021\/04\/logoblack.png\",\"width\":505,\"height\":128,\"caption\":\"cyclebee\"},\"image\":{\"@id\":\"https:\/\/cyclebee.dev3.codemiq.at\/#\/schema\/logo\/image\/\"}}]}<\/script>\n<!-- \/ Yoast SEO plugin. -->","yoast_head_json":{"title":"\u00dcber uns - cyclebee","robots":{"index":"index","follow":"follow","max-snippet":"max-snippet:-1","max-image-preview":"max-image-preview:large","max-video-preview":"max-video-preview:-1"},"canonical":"https:\/\/cyclebee.dev3.codemiq.at\/en\/about\/","og_locale":"en_GB","og_type":"article","og_title":"\u00dcber uns - cyclebee","og_description":"TEAM Who we are Wir sind Katharina, Matthias, Daniel, Katrin und Hannes &#8211; f\u00fcnf leidenschaftliche Radreisende mit einer Idee, die uns keine Ruhe mehr l\u00e4sst mit dem Wunsch mehr Leute f\u00fcr Radreisen begeistern zu k\u00f6nnen mit der \u00dcberzeugung, dass Einfachheit der Schl\u00fcssel zu Erfolg und Begeisterung ist mit dem n\u00f6tigen Wissen und der Erfahrung ein [&hellip;]","og_url":"https:\/\/cyclebee.dev3.codemiq.at\/en\/about\/","og_site_name":"cyclebee","article_modified_time":"2022-12-21T10:52:26+00:00","og_image":[{"url":"https:\/\/cyclebee.dev3.codemiq.at\/wp-content\/uploads\/2022\/03\/dsc4269gestempeltsw1920-1024x572.jpg","type":"","width":"","height":""}],"twitter_card":"summary_large_image","twitter_misc":{"Estimated reading time":"3 minutes"},"schema":{"@context":"https:\/\/schema.org","@graph":[{"@type":"WebPage","@id":"https:\/\/cyclebee.dev3.codemiq.at\/about\/","url":"https:\/\/cyclebee.dev3.codemiq.at\/about\/","name":"\u00dcber uns - cyclebee","isPartOf":{"@id":"https:\/\/cyclebee.dev3.codemiq.at\/#website"},"primaryImageOfPage":{"@id":"https:\/\/cyclebee.dev3.codemiq.at\/about\/#primaryimage"},"image":{"@id":"https:\/\/cyclebee.dev3.codemiq.at\/about\/#primaryimage"},"thumbnailUrl":"https:\/\/cyclebee.dev3.codemiq.at\/wp-content\/uploads\/2022\/03\/dsc4269gestempeltsw1920-1024x572.jpg","datePublished":"2022-12-15T06:59:42+00:00","dateModified":"2022-12-21T10:52:26+00:00","breadcrumb":{"@id":"https:\/\/cyclebee.dev3.codemiq.at\/about\/#breadcrumb"},"inLanguage":"en-GB","potentialAction":[{"@type":"ReadAction","target":["https:\/\/cyclebee.dev3.codemiq.at\/about\/"]}]},{"@type":"ImageObject","inLanguage":"en-GB","@id":"https:\/\/cyclebee.dev3.codemiq.at\/about\/#primaryimage","url":"https:\/\/cyclebee.dev3.codemiq.at\/wp-content\/uploads\/2022\/03\/dsc4269gestempeltsw1920-1024x572.jpg","contentUrl":"https:\/\/cyclebee.dev3.codemiq.at\/wp-content\/uploads\/2022\/03\/dsc4269gestempeltsw1920-1024x572.jpg"},{"@type":"BreadcrumbList","@id":"https:\/\/cyclebee.dev3.codemiq.at\/about\/#breadcrumb","itemListElement":[{"@type":"ListItem","position":1,"name":"Home","item":"https:\/\/cyclebee.dev3.codemiq.at\/"},{"@type":"ListItem","position":2,"name":"\u00dcber uns"}]},{"@type":"WebSite","@id":"https:\/\/cyclebee.dev3.codemiq.at\/#website","url":"https:\/\/cyclebee.dev3.codemiq.at\/","name":"cyclebee - Radreise-App","description":"gemeinsam einfach radreisen","publisher":{"@id":"https:\/\/cyclebee.dev3.codemiq.at\/#organization"},"potentialAction":[{"@type":"SearchAction","target":{"@type":"EntryPoint","urlTemplate":"https:\/\/cyclebee.dev3.codemiq.at\/?s={search_term_string}"},"query-input":{"@type":"PropertyValueSpecification","valueRequired":true,"valueName":"search_term_string"}}],"inLanguage":"en-GB"},{"@type":"Organization","@id":"https:\/\/cyclebee.dev3.codemiq.at\/#organization","name":"cyclebee","url":"https:\/\/cyclebee.dev3.codemiq.at\/","logo":{"@type":"ImageObject","inLanguage":"en-GB","@id":"https:\/\/cyclebee.dev3.codemiq.at\/#\/schema\/logo\/image\/","url":"https:\/\/cyclebee.dev3.codemiq.at\/wp-content\/uploads\/2021\/04\/logoblack.png","contentUrl":"https:\/\/cyclebee.dev3.codemiq.at\/wp-content\/uploads\/2021\/04\/logoblack.png","width":505,"height":128,"caption":"cyclebee"},"image":{"@id":"https:\/\/cyclebee.dev3.codemiq.at\/#\/schema\/logo\/image\/"}}]}},"_links":{"self":[{"href":"https:\/\/cyclebee.dev3.codemiq.at\/en\/wp-json\/wp\/v2\/pages\/1538","targetHints":{"allow":["GET"]}}],"collection":[{"href":"https:\/\/cyclebee.dev3.codemiq.at\/en\/wp-json\/wp\/v2\/pages"}],"about":[{"href":"https:\/\/cyclebee.dev3.codemiq.at\/en\/wp-json\/wp\/v2\/types\/page"}],"author":[{"embeddable":true,"href":"https:\/\/cyclebee.dev3.codemiq.at\/en\/wp-json\/wp\/v2\/users\/1"}],"replies":[{"embeddable":true,"href":"https:\/\/cyclebee.dev3.codemiq.at\/en\/wp-json\/wp\/v2\/comments?post=1538"}],"version-history":[{"count":14,"href":"https:\/\/cyclebee.dev3.codemiq.at\/en\/wp-json\/wp\/v2\/pages\/1538\/revisions"}],"predecessor-version":[{"id":1864,"href":"https:\/\/cyclebee.dev3.codemiq.at\/en\/wp-json\/wp\/v2\/pages\/1538\/revisions\/1864"}],"wp:attachment":[{"href":"https:\/\/cyclebee.dev3.codemiq.at\/en\/wp-json\/wp\/v2\/media?parent=1538"}],"curies":[{"name":"wp","href":"https:\/\/api.w.org\/{rel}","templated":true}]}}