{"id":6,"date":"2021-04-27T21:06:40","date_gmt":"2021-04-27T19:06:40","guid":{"rendered":"https:\/\/cyclebee.dev3.codemiq.at\/impressum\/"},"modified":"2023-08-10T18:08:40","modified_gmt":"2023-08-10T16:08:40","slug":"impressum","status":"publish","type":"page","link":"https:\/\/cyclebee.dev3.codemiq.at\/en\/impressum\/","title":{"rendered":"imprint"},"content":{"rendered":"<div data-elementor-type=\"wp-page\" data-elementor-id=\"6\" class=\"elementor elementor-6\" data-elementor-post-type=\"page\">\n\t\t\t\t\t\t<section class=\"elementor-section elementor-top-section elementor-element elementor-element-a28f67e elementor-section-boxed elementor-section-height-default elementor-section-height-default\" data-id=\"a28f67e\" data-element_type=\"section\" data-settings=\"{&quot;jet_parallax_layout_list&quot;:[{&quot;jet_parallax_layout_image&quot;:{&quot;url&quot;:&quot;&quot;,&quot;id&quot;:&quot;&quot;,&quot;size&quot;:&quot;&quot;},&quot;_id&quot;:&quot;6a6e63e&quot;,&quot;jet_parallax_layout_image_tablet&quot;:{&quot;url&quot;:&quot;&quot;,&quot;id&quot;:&quot;&quot;,&quot;size&quot;:&quot;&quot;},&quot;jet_parallax_layout_image_mobile&quot;:{&quot;url&quot;:&quot;&quot;,&quot;id&quot;:&quot;&quot;,&quot;size&quot;:&quot;&quot;},&quot;jet_parallax_layout_speed&quot;:{&quot;unit&quot;:&quot;%&quot;,&quot;size&quot;:50,&quot;sizes&quot;:[]},&quot;jet_parallax_layout_type&quot;:&quot;scroll&quot;,&quot;jet_parallax_layout_direction&quot;:&quot;1&quot;,&quot;jet_parallax_layout_fx_direction&quot;:null,&quot;jet_parallax_layout_z_index&quot;:&quot;&quot;,&quot;jet_parallax_layout_bg_x&quot;:50,&quot;jet_parallax_layout_bg_x_tablet&quot;:&quot;&quot;,&quot;jet_parallax_layout_bg_x_mobile&quot;:&quot;&quot;,&quot;jet_parallax_layout_bg_y&quot;:50,&quot;jet_parallax_layout_bg_y_tablet&quot;:&quot;&quot;,&quot;jet_parallax_layout_bg_y_mobile&quot;:&quot;&quot;,&quot;jet_parallax_layout_bg_size&quot;:&quot;auto&quot;,&quot;jet_parallax_layout_bg_size_tablet&quot;:&quot;&quot;,&quot;jet_parallax_layout_bg_size_mobile&quot;:&quot;&quot;,&quot;jet_parallax_layout_animation_prop&quot;:&quot;transform&quot;,&quot;jet_parallax_layout_on&quot;:[&quot;desktop&quot;,&quot;tablet&quot;]}]}\">\n\t\t\t\t\t\t<div class=\"elementor-container elementor-column-gap-default\">\n\t\t\t\t\t<div class=\"elementor-column elementor-col-100 elementor-top-column elementor-element elementor-element-8ecba08\" data-id=\"8ecba08\" data-element_type=\"column\">\n\t\t\t<div class=\"elementor-widget-wrap elementor-element-populated\">\n\t\t\t\t\t\t<div class=\"elementor-element elementor-element-2afed39 elementor-widget elementor-widget-text-editor\" data-id=\"2afed39\" data-element_type=\"widget\" data-widget_type=\"text-editor.default\">\n\t\t\t\t<div class=\"elementor-widget-container\">\n\t\t\t\t\t\t\t\t\t<h1>imprint<\/h1><p>Responsible for the content:<\/p><p>cyclebee GmbH<br \/>Stremayrgasse 16, 8010 Graz<\/p><p>Office: M\u00fcnzgrabenstra\u00dfe 36, 8010 Graz<\/p><p>Managing Director: Katharina K\u00f6glberger<\/p><p>Company registration number: FN 578179 p<\/p><p>Tel.: 06607576161<\/p><h3>Image credit<\/h3><p>Header:<\/p><p><a href=\"https:\/\/www.istockphoto.com\/de\/portfolio\/photoschmidt?mediatype=photography\" target=\"_blank\" rel=\"noopener\">iStockPhoto \u2013 photoschmidt<\/a><br \/><a href=\"https:\/\/www.istockphoto.com\/de\/portfolio\/jupiter55?mediatype=photography\" target=\"_blank\" rel=\"noopener\">iStockPhoto \u2013 Jupiter55\u00a0<\/a><\/p><p>Group of cyclists in the forest: <a href=\"https:\/\/www.istockphoto.com\/de\/portfolio\/Rawpixel?mediatype=photography\" target=\"_blank\" rel=\"noopener\">iStockPhoto \u2013 Rawpixel<\/a><\/p>\t\t\t\t\t\t\t\t<\/div>\n\t\t\t\t<\/div>\n\t\t\t\t\t<\/div>\n\t\t<\/div>\n\t\t\t\t\t<\/div>\n\t\t<\/section>\n\t\t\t\t<\/div>","protected":false},"excerpt":{"rendered":"<p>Impressum F\u00fcr den Inhalt verantwortlich: cyclebee GmbHStremayrgasse 16, 8010 Graz B\u00fcro: M\u00fcnzgrabenstra\u00dfe 36, 8010 Graz Gesch\u00e4ftsf\u00fchrerin: Katharina K\u00f6glberger Firmenbuchnummer: FN 578179 p Tel.: 06607576161 Bildnachweis Header: iStockPhoto \u2013 photoschmidtiStockPhoto \u2013 Jupiter55\u00a0 Radfahrergruppe im Wald: iStockPhoto \u2013 Rawpixel<\/p>","protected":false},"author":1,"featured_media":0,"parent":0,"menu_order":21,"comment_status":"closed","ping_status":"closed","template":"","meta":{"footnotes":""},"class_list":["post-6","page","type-page","status-publish","hentry"],"yoast_head":"<!-- This site is optimized with the Yoast SEO plugin v26.8 - https:\/\/yoast.com\/product\/yoast-seo-wordpress\/ -->\n<title>Impressum - cyclebee<\/title>\n<meta name=\"robots\" content=\"index, follow, max-snippet:-1, max-image-preview:large, max-video-preview:-1\" \/>\n<link rel=\"canonical\" href=\"https:\/\/cyclebee.dev3.codemiq.at\/en\/impressum\/\" \/>\n<meta property=\"og:locale\" content=\"en_GB\" \/>\n<meta property=\"og:type\" content=\"article\" \/>\n<meta property=\"og:title\" content=\"Impressum - cyclebee\" \/>\n<meta property=\"og:description\" content=\"Impressum F\u00fcr den Inhalt verantwortlich: cyclebee GmbHStremayrgasse 16, 8010 Graz B\u00fcro: M\u00fcnzgrabenstra\u00dfe 36, 8010 Graz Gesch\u00e4ftsf\u00fchrerin: Katharina K\u00f6glberger Firmenbuchnummer: FN 578179 p Tel.: 06607576161 Bildnachweis Header: iStockPhoto \u2013 photoschmidtiStockPhoto \u2013 Jupiter55\u00a0 Radfahrergruppe im Wald: iStockPhoto \u2013 Rawpixel\" \/>\n<meta property=\"og:url\" content=\"https:\/\/cyclebee.dev3.codemiq.at\/en\/impressum\/\" \/>\n<meta property=\"og:site_name\" content=\"cyclebee\" \/>\n<meta property=\"article:modified_time\" content=\"2023-08-10T16:08:40+00:00\" \/>\n<meta name=\"twitter:card\" content=\"summary_large_image\" \/>\n<meta name=\"twitter:label1\" content=\"Estimated reading time\" \/>\n\t<meta name=\"twitter:data1\" content=\"1 minute\" \/>\n<script type=\"application\/ld+json\" class=\"yoast-schema-graph\">{\"@context\":\"https:\/\/schema.org\",\"@graph\":[{\"@type\":\"WebPage\",\"@id\":\"https:\/\/cyclebee.dev3.codemiq.at\/impressum\/\",\"url\":\"https:\/\/cyclebee.dev3.codemiq.at\/impressum\/\",\"name\":\"Impressum - cyclebee\",\"isPartOf\":{\"@id\":\"https:\/\/cyclebee.dev3.codemiq.at\/#website\"},\"datePublished\":\"2021-04-27T19:06:40+00:00\",\"dateModified\":\"2023-08-10T16:08:40+00:00\",\"breadcrumb\":{\"@id\":\"https:\/\/cyclebee.dev3.codemiq.at\/impressum\/#breadcrumb\"},\"inLanguage\":\"en-GB\",\"potentialAction\":[{\"@type\":\"ReadAction\",\"target\":[\"https:\/\/cyclebee.dev3.codemiq.at\/impressum\/\"]}]},{\"@type\":\"BreadcrumbList\",\"@id\":\"https:\/\/cyclebee.dev3.codemiq.at\/impressum\/#breadcrumb\",\"itemListElement\":[{\"@type\":\"ListItem\",\"position\":1,\"name\":\"Home\",\"item\":\"https:\/\/cyclebee.dev3.codemiq.at\/\"},{\"@type\":\"ListItem\",\"position\":2,\"name\":\"Impressum\"}]},{\"@type\":\"WebSite\",\"@id\":\"https:\/\/cyclebee.dev3.codemiq.at\/#website\",\"url\":\"https:\/\/cyclebee.dev3.codemiq.at\/\",\"name\":\"cyclebee - Radreise-App\",\"description\":\"gemeinsam einfach radreisen\",\"publisher\":{\"@id\":\"https:\/\/cyclebee.dev3.codemiq.at\/#organization\"},\"potentialAction\":[{\"@type\":\"SearchAction\",\"target\":{\"@type\":\"EntryPoint\",\"urlTemplate\":\"https:\/\/cyclebee.dev3.codemiq.at\/?s={search_term_string}\"},\"query-input\":{\"@type\":\"PropertyValueSpecification\",\"valueRequired\":true,\"valueName\":\"search_term_string\"}}],\"inLanguage\":\"en-GB\"},{\"@type\":\"Organization\",\"@id\":\"https:\/\/cyclebee.dev3.codemiq.at\/#organization\",\"name\":\"cyclebee\",\"url\":\"https:\/\/cyclebee.dev3.codemiq.at\/\",\"logo\":{\"@type\":\"ImageObject\",\"inLanguage\":\"en-GB\",\"@id\":\"https:\/\/cyclebee.dev3.codemiq.at\/#\/schema\/logo\/image\/\",\"url\":\"https:\/\/cyclebee.dev3.codemiq.at\/wp-content\/uploads\/2021\/04\/logoblack.png\",\"contentUrl\":\"https:\/\/cyclebee.dev3.codemiq.at\/wp-content\/uploads\/2021\/04\/logoblack.png\",\"width\":505,\"height\":128,\"caption\":\"cyclebee\"},\"image\":{\"@id\":\"https:\/\/cyclebee.dev3.codemiq.at\/#\/schema\/logo\/image\/\"}}]}<\/script>\n<!-- \/ Yoast SEO plugin. -->","yoast_head_json":{"title":"Impressum - cyclebee","robots":{"index":"index","follow":"follow","max-snippet":"max-snippet:-1","max-image-preview":"max-image-preview:large","max-video-preview":"max-video-preview:-1"},"canonical":"https:\/\/cyclebee.dev3.codemiq.at\/en\/impressum\/","og_locale":"en_GB","og_type":"article","og_title":"Impressum - cyclebee","og_description":"Impressum F\u00fcr den Inhalt verantwortlich: cyclebee GmbHStremayrgasse 16, 8010 Graz B\u00fcro: M\u00fcnzgrabenstra\u00dfe 36, 8010 Graz Gesch\u00e4ftsf\u00fchrerin: Katharina K\u00f6glberger Firmenbuchnummer: FN 578179 p Tel.: 06607576161 Bildnachweis Header: iStockPhoto \u2013 photoschmidtiStockPhoto \u2013 Jupiter55\u00a0 Radfahrergruppe im Wald: iStockPhoto \u2013 Rawpixel","og_url":"https:\/\/cyclebee.dev3.codemiq.at\/en\/impressum\/","og_site_name":"cyclebee","article_modified_time":"2023-08-10T16:08:40+00:00","twitter_card":"summary_large_image","twitter_misc":{"Estimated reading time":"1 minute"},"schema":{"@context":"https:\/\/schema.org","@graph":[{"@type":"WebPage","@id":"https:\/\/cyclebee.dev3.codemiq.at\/impressum\/","url":"https:\/\/cyclebee.dev3.codemiq.at\/impressum\/","name":"Impressum - cyclebee","isPartOf":{"@id":"https:\/\/cyclebee.dev3.codemiq.at\/#website"},"datePublished":"2021-04-27T19:06:40+00:00","dateModified":"2023-08-10T16:08:40+00:00","breadcrumb":{"@id":"https:\/\/cyclebee.dev3.codemiq.at\/impressum\/#breadcrumb"},"inLanguage":"en-GB","potentialAction":[{"@type":"ReadAction","target":["https:\/\/cyclebee.dev3.codemiq.at\/impressum\/"]}]},{"@type":"BreadcrumbList","@id":"https:\/\/cyclebee.dev3.codemiq.at\/impressum\/#breadcrumb","itemListElement":[{"@type":"ListItem","position":1,"name":"Home","item":"https:\/\/cyclebee.dev3.codemiq.at\/"},{"@type":"ListItem","position":2,"name":"Impressum"}]},{"@type":"WebSite","@id":"https:\/\/cyclebee.dev3.codemiq.at\/#website","url":"https:\/\/cyclebee.dev3.codemiq.at\/","name":"cyclebee - Radreise-App","description":"gemeinsam einfach radreisen","publisher":{"@id":"https:\/\/cyclebee.dev3.codemiq.at\/#organization"},"potentialAction":[{"@type":"SearchAction","target":{"@type":"EntryPoint","urlTemplate":"https:\/\/cyclebee.dev3.codemiq.at\/?s={search_term_string}"},"query-input":{"@type":"PropertyValueSpecification","valueRequired":true,"valueName":"search_term_string"}}],"inLanguage":"en-GB"},{"@type":"Organization","@id":"https:\/\/cyclebee.dev3.codemiq.at\/#organization","name":"cyclebee","url":"https:\/\/cyclebee.dev3.codemiq.at\/","logo":{"@type":"ImageObject","inLanguage":"en-GB","@id":"https:\/\/cyclebee.dev3.codemiq.at\/#\/schema\/logo\/image\/","url":"https:\/\/cyclebee.dev3.codemiq.at\/wp-content\/uploads\/2021\/04\/logoblack.png","contentUrl":"https:\/\/cyclebee.dev3.codemiq.at\/wp-content\/uploads\/2021\/04\/logoblack.png","width":505,"height":128,"caption":"cyclebee"},"image":{"@id":"https:\/\/cyclebee.dev3.codemiq.at\/#\/schema\/logo\/image\/"}}]}},"_links":{"self":[{"href":"https:\/\/cyclebee.dev3.codemiq.at\/en\/wp-json\/wp\/v2\/pages\/6","targetHints":{"allow":["GET"]}}],"collection":[{"href":"https:\/\/cyclebee.dev3.codemiq.at\/en\/wp-json\/wp\/v2\/pages"}],"about":[{"href":"https:\/\/cyclebee.dev3.codemiq.at\/en\/wp-json\/wp\/v2\/types\/page"}],"author":[{"embeddable":true,"href":"https:\/\/cyclebee.dev3.codemiq.at\/en\/wp-json\/wp\/v2\/users\/1"}],"replies":[{"embeddable":true,"href":"https:\/\/cyclebee.dev3.codemiq.at\/en\/wp-json\/wp\/v2\/comments?post=6"}],"version-history":[{"count":18,"href":"https:\/\/cyclebee.dev3.codemiq.at\/en\/wp-json\/wp\/v2\/pages\/6\/revisions"}],"predecessor-version":[{"id":2849,"href":"https:\/\/cyclebee.dev3.codemiq.at\/en\/wp-json\/wp\/v2\/pages\/6\/revisions\/2849"}],"wp:attachment":[{"href":"https:\/\/cyclebee.dev3.codemiq.at\/en\/wp-json\/wp\/v2\/media?parent=6"}],"curies":[{"name":"wp","href":"https:\/\/api.w.org\/{rel}","templated":true}]}}